{"id":468,"date":"2024-09-30T07:34:49","date_gmt":"2024-09-30T07:34:49","guid":{"rendered":"http:\/\/hyracing.com\/?page_id=468"},"modified":"2024-11-20T07:26:02","modified_gmt":"2024-11-20T07:26:02","slug":"hyracing-concept","status":"publish","type":"page","link":"https:\/\/hyracing.com\/fr\/hyracing-concept\/","title":{"rendered":"Concept Hyracing"},"content":{"rendered":"<section class=\"hero-section section section-height-auto\">\n\n    <div class=\"section-inner page-title\">\n\n        <div class=\"wrapper do-anim\">\n\n                        \n    <span class=\"h6 superline align-center\">\n                    Concept Hyracing            <\/span>\n                \n    <h1 class=\"h1 align-center\">\n                    \u00c0 propos de Hyracing            <\/h1>\n                \n            \n        <\/div>\n\n    <\/div>\n\n    \n<div class=\"fs-bg\">\n    <div class=\"fs-bg-el phat-parallax has-overlay overlay-full\">\n        <img class=\"fs-image\" src=\"https:\/\/hyracing.com\/wp-content\/uploads\/2024\/09\/hero-concept.webp\" srcset=\"https:\/\/hyracing.com\/wp-content\/uploads\/2024\/09\/hero-concept.webp 1680w, https:\/\/hyracing.com\/wp-content\/uploads\/2024\/09\/hero-concept-1440x960.webp 1440w, https:\/\/hyracing.com\/wp-content\/uploads\/2024\/09\/hero-concept-1024x683.webp 1024w, https:\/\/hyracing.com\/wp-content\/uploads\/2024\/09\/hero-concept-768x512.webp 768w, https:\/\/hyracing.com\/wp-content\/uploads\/2024\/09\/hero-concept-512x341.webp 512w\"  width=\"1920\" height=\"1280\" alt=\"concept-h\u00e9ros\" decoding=\"async\" loading=\"lazy\" >    <\/div>\n        <\/div>\n\n    \n<\/section>\n\n\n\n\n<section class=\"text-media-section section\">\n\n    <div class=\"section-inner\">\n\n        <div class=\"wrapper\">\n\n            <div class=\"grid-row\">\n\n                <div class=\"col-s1e12 do-anim\">                    \n                    \n    <h2 class=\"h2 align-center\">\n                    UNE JOURN\u00c9E SUR UNE PISTE PRIV\u00c9E            <\/h2>\n<p style=\"text-align: center;\">avec des coureurs professionnels, des tours de r\u00e9f\u00e9rence ainsi que des analyses de donn\u00e9es et de vid\u00e9os<br \/>\navec le Race Navigator dans une ambiance ensoleill\u00e9e et conviviale<\/p>\n<div class=\"fs-grid fs-grid-justify-center grid-infoboxes grid-infoboxes-default fs-grid-col-6 fs-grid-devided\">\n        <div class=\"grid-item infobox-item align-center\">\n        <span class=\"infobox-icon colored\"><?xml version=\"1.0\" encoding=\"UTF-8\"?>\n<svg id=\"Ebene_1\" data-name=\"Ebene 1\" xmlns=\"http:\/\/www.w3.org\/2000\/svg\" version=\"1.1\" viewbox=\"0 0 255.1 255.1\" fill=\"currentColor\">\n  <path d=\"M104.6,152.4c20.7-20.7,41-41.1,61.3-61.5,12.5-12.5,24.9-25,37.5-37.4,10.3-10.1,24.1-10.7,33.5-1.6,9.9,9.6,10.3,23.8,0,34.2-38.3,38.6-76.7,77.1-115.2,115.3-11.2,11.1-24,10.9-35.4-.3-22.8-22.5-45.5-45.2-68-68-9.8-9.9-10-24.6-1.1-33.7,9-9.3,24.3-9.2,34.4.7,17.5,17,34.7,34.3,53,52.3Z\"\/>\n<\/svg><\/span>                <div class=\"infobox-title  colored\">l\u00e9gendaire <br \/>\r\nvoitures<\/div>                    <\/div>\n        <div class=\"grid-item infobox-item align-center\">\n        <span class=\"infobox-icon colored\"><?xml version=\"1.0\" encoding=\"UTF-8\"?>\n<svg id=\"Ebene_1\" data-name=\"Ebene 1\" xmlns=\"http:\/\/www.w3.org\/2000\/svg\" version=\"1.1\" viewbox=\"0 0 255.1 255.1\" fill=\"currentColor\">\n  <path d=\"M104.6,152.4c20.7-20.7,41-41.1,61.3-61.5,12.5-12.5,24.9-25,37.5-37.4,10.3-10.1,24.1-10.7,33.5-1.6,9.9,9.6,10.3,23.8,0,34.2-38.3,38.6-76.7,77.1-115.2,115.3-11.2,11.1-24,10.9-35.4-.3-22.8-22.5-45.5-45.2-68-68-9.8-9.9-10-24.6-1.1-33.7,9-9.3,24.3-9.2,34.4.7,17.5,17,34.7,34.3,53,52.3Z\"\/>\n<\/svg><\/span>                <div class=\"infobox-title  colored\">voitures limit\u00e9es <br \/>\r\nsur la piste<\/div>                    <\/div>\n        <div class=\"grid-item infobox-item align-center\">\n        <span class=\"infobox-icon colored\"><?xml version=\"1.0\" encoding=\"UTF-8\"?>\n<svg id=\"Ebene_1\" data-name=\"Ebene 1\" xmlns=\"http:\/\/www.w3.org\/2000\/svg\" version=\"1.1\" viewbox=\"0 0 255.1 255.1\" fill=\"currentColor\">\n  <path d=\"M104.6,152.4c20.7-20.7,41-41.1,61.3-61.5,12.5-12.5,24.9-25,37.5-37.4,10.3-10.1,24.1-10.7,33.5-1.6,9.9,9.6,10.3,23.8,0,34.2-38.3,38.6-76.7,77.1-115.2,115.3-11.2,11.1-24,10.9-35.4-.3-22.8-22.5-45.5-45.2-68-68-9.8-9.9-10-24.6-1.1-33.7,9-9.3,24.3-9.2,34.4.7,17.5,17,34.7,34.3,53,52.3Z\"\/>\n<\/svg><\/span>                <div class=\"infobox-title  colored\">Paysage <br \/>\r\nEpoustouflant<\/div>                    <\/div>\n        <div class=\"grid-item infobox-item align-center\">\n        <span class=\"infobox-icon colored\"><?xml version=\"1.0\" encoding=\"UTF-8\"?>\n<svg id=\"Ebene_1\" data-name=\"Ebene 1\" xmlns=\"http:\/\/www.w3.org\/2000\/svg\" version=\"1.1\" viewbox=\"0 0 255.1 255.1\" fill=\"currentColor\">\n  <path d=\"M104.6,152.4c20.7-20.7,41-41.1,61.3-61.5,12.5-12.5,24.9-25,37.5-37.4,10.3-10.1,24.1-10.7,33.5-1.6,9.9,9.6,10.3,23.8,0,34.2-38.3,38.6-76.7,77.1-115.2,115.3-11.2,11.1-24,10.9-35.4-.3-22.8-22.5-45.5-45.2-68-68-9.8-9.9-10-24.6-1.1-33.7,9-9.3,24.3-9.2,34.4.7,17.5,17,34.7,34.3,53,52.3Z\"\/>\n<\/svg><\/span>                <div class=\"infobox-title  colored\">des coachs pilotes professionnels<\/div>                    <\/div>\n        <div class=\"grid-item infobox-item align-center\">\n        <span class=\"infobox-icon colored\"><?xml version=\"1.0\" encoding=\"UTF-8\"?>\n<svg id=\"Ebene_1\" data-name=\"Ebene 1\" xmlns=\"http:\/\/www.w3.org\/2000\/svg\" version=\"1.1\" viewbox=\"0 0 255.1 255.1\" fill=\"currentColor\">\n  <path d=\"M104.6,152.4c20.7-20.7,41-41.1,61.3-61.5,12.5-12.5,24.9-25,37.5-37.4,10.3-10.1,24.1-10.7,33.5-1.6,9.9,9.6,10.3,23.8,0,34.2-38.3,38.6-76.7,77.1-115.2,115.3-11.2,11.1-24,10.9-35.4-.3-22.8-22.5-45.5-45.2-68-68-9.8-9.9-10-24.6-1.1-33.7,9-9.3,24.3-9.2,34.4.7,17.5,17,34.7,34.3,53,52.3Z\"\/>\n<\/svg><\/span>                <div class=\"infobox-title  colored\">tout compris <br \/>\r\navec restauration<\/div>                    <\/div>\n    <\/div>\n\n \n                <\/div>\n\n                                \n            <\/div>\n\n        <\/div>\n\n    <\/div>\n\n    \n    \n    \n<div class=\"fs-bg-flag fs-bg-flag-top-right\">    \n    <img src=\"https:\/\/hyracing.com\/wp-content\/themes\/fstheme\/assets\/img\/flag.png\" decoding=\"async\" loading=\"lazy\">\n<\/div>\n\n<\/section>\n\n\n\n\n\n\n\n\n\n<section class=\"text-media-section section\">\n\n    <div class=\"section-inner\">\n\n        <div class=\"wrapper\">\n\n            <div class=\"grid-row justify-center\">\n\n                <div class=\"col-s2e6 pos-sm-1 do-anim\">                    \n                    \n    <span class=\"h6 superline align-left\">\n                    Ce que nous faisons            <\/span>\n\n    <h2 class=\"h5 align-left\">\n                    Journ\u00e9es de course exclusives avec option<br \/>\r\ncoaching sur le circuit d'Andalousie            <\/h2>\n<p style=\"text-align: left;\">R\u00e9servez une place sur nos track-days  ou faites une demande pour un \u00e9v\u00e8nement priv\u00e9 ou d\u2019entreprise.<\/p>\n<p style=\"text-align: left;\">Nous vous proposons de louer nos voitures avec des coachs professionnels.<br \/>\nNos voitures ne peuvent \u00eatre lou\u00e9es qu'avec un coach.<br \/>\nVous pouvez venir avec votre propre voiture et nous pouvons mettre un coach \u00e0 votre disposition.<\/p>\n<p style=\"text-align: left;\">All included.<\/p>\n \n                <\/div>\n\n                                <div class=\"col-s7e11 pos-sm-2\">\n\n                    \n\n<div class=\"fs-media fs-media-ratio-1-1 rounded-corners do-anim\">\n    <div class=\"fs-media-item\">\n        <div class=\"fs-media-item-inner\">\n            <img class=\"fs-image\" src=\"https:\/\/hyracing.com\/wp-content\/uploads\/2024\/09\/2024-03-14-D810-101-1024x683.webp\" srcset=\"https:\/\/hyracing.com\/wp-content\/uploads\/2024\/09\/2024-03-14-D810-101-1024x683.webp 1024w, https:\/\/hyracing.com\/wp-content\/uploads\/2024\/09\/2024-03-14-D810-101-768x512.webp 768w, https:\/\/hyracing.com\/wp-content\/uploads\/2024\/09\/2024-03-14-D810-101-512x342.webp 512w\"  width=\"1024\" height=\"683\" alt=\"2024-03-14 D810 101\" decoding=\"async\" loading=\"lazy\" >        <\/div>\n    <\/div>\n<\/div>\n\n \n                                    <\/div>\n                                \n            <\/div>\n\n        <\/div>\n\n    <\/div>\n\n    \n    \n    \n<\/section>\n\n\n\n\n\n\n\n\n\n<section class=\"text-media-section section\">\n\n    <div class=\"section-inner\">\n\n        <div class=\"wrapper\">\n\n            <div class=\"grid-row justify-center\">\n\n                <div class=\"col-s7e11 pos-2 pos-sm-1 do-anim\">                    \n                    \n    <span class=\"h6 superline align-left\">\n                    Qui peut r\u00e9server ?            <\/span>\n\n    <h2 class=\"h5 align-left\">\n                    Tous les passionn\u00e9s de course et d'anciennes            <\/h2>\n<p class=\" translation-block\">Si vous chercher l'adr\u00e9naline et si vous \u00eates passionn\u00e9 par les voitures anciennes, <strong>contactez-nous !<\/strong>.<\/p>\n<p>Rencontrez des passionn\u00e9s comme vous et passez une journ\u00e9e ou un week-end inoubliable sur l'une des plus belles pistes d'Europe !<\/p>\n<p class=\"p-btn align-left\">\n<a class=\"btn  btn-normal\" href=\"http:\/\/hyracing.com\/fr\/contact\/\" target=\"\" >\n        <span class=\"btn-icon on-hover\"><?xml version=\"1.0\" encoding=\"UTF-8\"?>\n<svg xmlns=\"http:\/\/www.w3.org\/2000\/svg\" version=\"1.1\" viewbox=\"0 0 231.8 89.5\" fill=\"currentColor\" >\n  <polygon points=\"228.8 44.5 200.3 16 200.3 41.6 3 41.6 3 48 200.3 48 200.3 72.7 228.8 44.5\"\/>\n<\/svg><\/span>\n        <span class=\"btn-text\">\n        <span>Contactez nous<\/span>\n    <\/span>\n        <span class=\"btn-icon\"><?xml version=\"1.0\" encoding=\"UTF-8\"?>\n<svg xmlns=\"http:\/\/www.w3.org\/2000\/svg\" version=\"1.1\" viewbox=\"0 0 231.8 89.5\" fill=\"currentColor\" >\n  <polygon points=\"228.8 44.5 200.3 16 200.3 41.6 3 41.6 3 48 200.3 48 200.3 72.7 228.8 44.5\"\/>\n<\/svg><\/span>\n    <\/a><\/p> \n                <\/div>\n\n                                <div class=\"col-s2e6 pos-1 pos-sm-2\">\n\n                    \n\n<div class=\"fs-media fs-media-ratio-1-1 rounded-corners do-anim\">\n    <div class=\"fs-media-item\">\n        <div class=\"fs-media-item-inner\">\n            <img class=\"fs-image\" src=\"https:\/\/hyracing.com\/wp-content\/uploads\/2024\/09\/2024-03-14-D810-064-1024x683.webp\" srcset=\"https:\/\/hyracing.com\/wp-content\/uploads\/2024\/09\/2024-03-14-D810-064-1024x683.webp 1024w, https:\/\/hyracing.com\/wp-content\/uploads\/2024\/09\/2024-03-14-D810-064-768x512.webp 768w, https:\/\/hyracing.com\/wp-content\/uploads\/2024\/09\/2024-03-14-D810-064-512x342.webp 512w\"  width=\"1024\" height=\"683\" alt=\"2024-03-14 D810 064\" decoding=\"async\" loading=\"lazy\" >        <\/div>\n    <\/div>\n<\/div>\n\n \n                    \n<div class=\"fs-text-bg width-auto position-top align-left\">\n    <div class=\"fs-text-bg-el\">\n        <div class=\"fs-text-bg-el-text char-lettering do-anim\">Course<br \/>\r\ncomme un<br \/>\r\npro<\/div>    <\/div>\n<\/div>\n                <\/div>\n                                \n            <\/div>\n\n        <\/div>\n\n    <\/div>\n\n    \n    \n    \n<\/section>\n\n\n\n\n\n\n\n\n\n<section class=\"text-media-section section color-secondary\">\n\n    <div class=\"section-inner\">\n\n        <div class=\"wrapper\">\n\n            <div class=\"grid-row justify-center\">\n\n                <div class=\"col-s2e6 pos-sm-1 do-anim\">                    \n                    \n    <span class=\"h6 superline align-left\">\n                    Le circuit            <\/span>\n\n    <h2 class=\"h5 align-left\">\n                    Le plus beau <br \/>\r\nen Europe !            <\/h2>\n<p>Le circuit le plus ensoleill\u00e9 d'Europe (340 jours par an).<br \/>\nLa lumi\u00e8re et les conditions m\u00e9t\u00e9orologiques sont excellentes tout au long de l'ann\u00e9e !<br \/>\nDes paysages magnifiques et des couchers de soleil \u00e9poustouflants.<br \/>\nProche de plusieurs a\u00e9roports.<\/p>\n<p class=\"p-btn align-left\">\n<a class=\"btn  btn-normal\" href=\"https:\/\/andaluciacircuit.com\" target=\"\" >\n        <span class=\"btn-icon on-hover\"><?xml version=\"1.0\" encoding=\"UTF-8\"?>\n<svg xmlns=\"http:\/\/www.w3.org\/2000\/svg\" version=\"1.1\" viewbox=\"0 0 231.8 89.5\" fill=\"currentColor\" >\n  <polygon points=\"228.8 44.5 200.3 16 200.3 41.6 3 41.6 3 48 200.3 48 200.3 72.7 228.8 44.5\"\/>\n<\/svg><\/span>\n        <span class=\"btn-text\">\n        <span>Circuit d'Andalousie<\/span>\n    <\/span>\n        <span class=\"btn-icon\"><?xml version=\"1.0\" encoding=\"UTF-8\"?>\n<svg xmlns=\"http:\/\/www.w3.org\/2000\/svg\" version=\"1.1\" viewbox=\"0 0 231.8 89.5\" fill=\"currentColor\" >\n  <polygon points=\"228.8 44.5 200.3 16 200.3 41.6 3 41.6 3 48 200.3 48 200.3 72.7 228.8 44.5\"\/>\n<\/svg><\/span>\n    <\/a><\/p> \n                <\/div>\n\n                                <div class=\"col-s7e11 pos-sm-2\">\n\n                    \n\n<div class=\"fs-media fs-media-ratio-1-1 rounded-corners do-anim\">\n    <div class=\"fs-media-item\">\n        <div class=\"fs-media-item-inner\">\n            <img class=\"fs-image\" src=\"https:\/\/hyracing.com\/wp-content\/uploads\/2024\/09\/DSC9792-1024x684.webp\" srcset=\"https:\/\/hyracing.com\/wp-content\/uploads\/2024\/09\/DSC9792-1024x684.webp 1024w, https:\/\/hyracing.com\/wp-content\/uploads\/2024\/09\/DSC9792-768x513.webp 768w, https:\/\/hyracing.com\/wp-content\/uploads\/2024\/09\/DSC9792-512x342.webp 512w\"  width=\"1024\" height=\"684\" alt=\"_DSC9792\" decoding=\"async\" loading=\"lazy\" >        <\/div>\n    <\/div>\n<\/div>\n\n \n                                    <\/div>\n                                \n            <\/div>\n\n        <\/div>\n\n    <\/div>\n\n    \n    \n    \n<div class=\"fs-bg-flag fs-bg-flag-bottom-left\">    \n    <img src=\"https:\/\/hyracing.com\/wp-content\/themes\/fstheme\/assets\/img\/flag.png\" decoding=\"async\" loading=\"lazy\">\n<\/div>\n\n<\/section>","protected":false},"excerpt":{"rendered":"","protected":false},"author":1,"featured_media":0,"parent":0,"menu_order":0,"comment_status":"closed","ping_status":"closed","template":"","meta":{"footnotes":""},"class_list":["post-468","page","type-page","status-publish","hentry"],"acf":[],"_links":{"self":[{"href":"https:\/\/hyracing.com\/fr\/wp-json\/wp\/v2\/pages\/468","targetHints":{"allow":["GET"]}}],"collection":[{"href":"https:\/\/hyracing.com\/fr\/wp-json\/wp\/v2\/pages"}],"about":[{"href":"https:\/\/hyracing.com\/fr\/wp-json\/wp\/v2\/types\/page"}],"author":[{"embeddable":true,"href":"https:\/\/hyracing.com\/fr\/wp-json\/wp\/v2\/users\/1"}],"replies":[{"embeddable":true,"href":"https:\/\/hyracing.com\/fr\/wp-json\/wp\/v2\/comments?post=468"}],"version-history":[{"count":35,"href":"https:\/\/hyracing.com\/fr\/wp-json\/wp\/v2\/pages\/468\/revisions"}],"predecessor-version":[{"id":924,"href":"https:\/\/hyracing.com\/fr\/wp-json\/wp\/v2\/pages\/468\/revisions\/924"}],"wp:attachment":[{"href":"https:\/\/hyracing.com\/fr\/wp-json\/wp\/v2\/media?parent=468"}],"curies":[{"name":"wp","href":"https:\/\/api.w.org\/{rel}","templated":true}]}}