{"id":2,"date":"2024-09-18T12:20:50","date_gmt":"2024-09-18T12:20:50","guid":{"rendered":"http:\/\/hyracing.com\/?page_id=2"},"modified":"2024-10-29T20:26:47","modified_gmt":"2024-10-29T20:26:47","slug":"home","status":"publish","type":"page","link":"https:\/\/hyracing.com\/fr\/","title":{"rendered":"Accueil"},"content":{"rendered":"<section class=\"hero-section section section-height-full\">\n\n    <div class=\"section-inner page-title\">\n\n        <div class=\"wrapper do-anim\">\n\n                        \n    <span class=\"h6 superline align-left\">\n                    Trackdays            <\/span>\n                \n    <h1 class=\"h1 align-left\">\n                    Retrouvez votre \u00e2me d'enfant<br \/>\r\net pilotez les l\u00e9gendes<br \/>\r\nqui vous font r\u00eaver            <\/h1>\n                \n            <p class=\"p-btn\">\n<a class=\"btn  btn-normal\" href=\"http:\/\/hyracing.com\/fr\/trackdays\/\" target=\"\" >\n        <span class=\"btn-icon on-hover\"><?xml version=\"1.0\" encoding=\"UTF-8\"?>\n<svg xmlns=\"http:\/\/www.w3.org\/2000\/svg\" version=\"1.1\" viewbox=\"0 0 231.8 89.5\" fill=\"currentColor\" >\n  <polygon points=\"228.8 44.5 200.3 16 200.3 41.6 3 41.6 3 48 200.3 48 200.3 72.7 228.8 44.5\"\/>\n<\/svg><\/span>\n        <span class=\"btn-text\">\n        <span>En savoir plus<\/span>\n    <\/span>\n        <span class=\"btn-icon\"><?xml version=\"1.0\" encoding=\"UTF-8\"?>\n<svg xmlns=\"http:\/\/www.w3.org\/2000\/svg\" version=\"1.1\" viewbox=\"0 0 231.8 89.5\" fill=\"currentColor\" >\n  <polygon points=\"228.8 44.5 200.3 16 200.3 41.6 3 41.6 3 48 200.3 48 200.3 72.7 228.8 44.5\"\/>\n<\/svg><\/span>\n    <\/a><\/p>\n        <\/div>\n\n    <\/div>\n\n    \n<div class=\"fs-bg\">\n    <div class=\"fs-bg-el phat-parallax has-overlay overlay-full\">\n        <img class=\"fs-image\" src=\"https:\/\/hyracing.com\/wp-content\/uploads\/2024\/09\/FordGT40.webp\" srcset=\"https:\/\/hyracing.com\/wp-content\/uploads\/2024\/09\/FordGT40.webp 1680w, https:\/\/hyracing.com\/wp-content\/uploads\/2024\/09\/FordGT40-1440x962.webp 1440w, https:\/\/hyracing.com\/wp-content\/uploads\/2024\/09\/FordGT40-1024x684.webp 1024w, https:\/\/hyracing.com\/wp-content\/uploads\/2024\/09\/FordGT40-768x513.webp 768w, https:\/\/hyracing.com\/wp-content\/uploads\/2024\/09\/FordGT40-512x342.webp 512w\"  width=\"1920\" height=\"1282\" alt=\"FordGT40\" decoding=\"async\" loading=\"lazy\" >    <\/div>\n        <\/div>\n\n    \n<div class=\"fs-text-bg width-full position-bottom align-left\">\n    <div class=\"fs-text-bg-el\">\n        <span class=\"fs-text-bg-el-svg do-anim\"><?xml version=\"1.0\" encoding=\"UTF-8\"?>\n<svg xmlns=\"http:\/\/www.w3.org\/2000\/svg\" version=\"1.1\" viewbox=\"0 0 380.6 51.7\" fill=\"currentColor\">\n      <path d=\"M11.3 1.3 0 1.3 0 50.4 11.3 50.4 11.3 29.6 30.9 29.6 30.9 50.4 42.2 50.4 42.2 1.3 30.9 1.3 30.9 20 11.3 20 11.3 1.3 11.3 1.3z\"\/>\n      <path d=\"M66.6 50.4 78 50.4 78 27.5 95.6 1.3 82.1 1.3 72.3 16.5 62.4 1.3 49 1.3 66.6 27.5 66.6 50.4 66.6 50.4z\"\/>\n      <path d=\"M116.1,11.2h2.4c2.8,0,4.9.8,6.1,1.9,1.1,1,1.7,2.7,1.7,4.1s-.7,3.2-1.6,4.1c-1.6,1.5-4.3,2-6.2,2h-2.4v-12.2h0ZM103.4,1.3v49.1h12.7v-18.9l12.2,18.9h15.8l-15.4-20.1c2.3-.4,4.9-1.5,6.8-3.4,2.4-2.4,3.9-6,3.9-10.2s-1.4-8.2-4.2-11.1c-3.6-3.8-8.3-4.3-12-4.3h-19.9.1Z\"\/>\n      <path d=\"M169.2,32.5l5.4-15.9,5.5,15.9h-10.9ZM186.5,50.4h13.6L181.6,1.3h-13.9l-18.9,49.1h13.5l3.3-8.3h17.8l3,8.3h.1Z\"\/>\n      <path d=\"M239.3,34c-4.5,4.9-9.2,5.2-11.1,5.2-3.6,0-7-1.4-9.1-3.4-2.6-2.4-4-6.2-4-9.6s1.3-7.3,4.3-10.1c2.4-2.1,5.2-3.2,8.8-3.2s7,.3,11.1,5.4V3.1c-5.3-2.1-9.1-2.5-11.5-2.5-7.7,0-14.2,3.2-18.6,7.7s-7.5,11.1-7.5,18.1,2.7,13.1,7.5,17.9c4,4,10.5,7.4,19,7.4s6-.6,11-2.4v-15.1h0v-.2Z\"\/>\n      <path d=\"M249.4 1.3 249.4 50.4 262.1 50.4 262.1 1.3 249.4 1.3 249.4 1.3z\"\/>\n      <path d=\"M285.2 50.4 285.2 20.4 308.7 50.4 321.4 50.4 321.4 1.3 308.7 1.3 308.7 31.4 285.2 1.3 272.4 1.3 272.4 50.4 285.2 50.4 285.2 50.4z\"\/>\n      <path d=\"M355.3,32.5h10.5c-.4,2.7-1.8,4.5-3,5.4-2.3,1.9-4.9,2.3-7.1,2.3-3.8,0-6.6-1.2-9-3.8-2.3-2.4-3.9-6.1-3.9-10.6s1.4-8.4,4.3-11.3c2.3-2.3,5.4-3.4,8.4-3.4s4.7.7,6.8,2.4c1.3,1,2.7,2.7,3.5,4.9l12.2-5c-1.8-3.8-4.9-7.7-8.8-10.1-3.8-2.3-8.7-3.3-13.3-3.3-8.7,0-15,3.2-19.1,7.2-4.3,4.2-7.4,10.6-7.4,18.4s3.4,14.1,7.1,17.8c4,4.1,10,7.3,18.9,7.3s12.2-1.4,17.3-6.2c5.9-5.5,7.9-12.4,7.9-22.1h-25.3v9.9h0v.2Z\"\/>\n<\/svg><\/span>    <\/div>\n<\/div>\n\n<\/section>\n\n\n\n\n<section class=\"text-media-section section\">\n\n    <div class=\"section-inner\">\n\n        <div class=\"wrapper\">\n\n            <div class=\"grid-row justify-center\">\n\n                <div class=\"col-s7e12 pos-2 pos-sm-1 do-anim\">                    \n                    \n    <span class=\"h6 superline align-left\">\n                    Trackdays            <\/span>\n\n    <h2 class=\"h2 align-left\">\n                    Prenez la piste avec une voiture de l\u00e9gende            <\/h2>\n<h6>Journ\u00e9es de piste exclusives<\/h6>\n<p class=\" translation-block\">Une journ\u00e9e sur l\u2019un des plus beaux circuits, avec des coureurs professionnels, dans une ambiance ensoleill\u00e9e et conviviale.<br>\nLa meilleure fa\u00e7on d'apprendre.<\/p>\n<p class=\"p-btn align-left\">\n<a class=\"btn  btn-simple\" href=\"http:\/\/hyracing.com\/fr\/trackdays\/\" target=\"\" >\n        <span class=\"btn-icon on-hover\"><?xml version=\"1.0\" encoding=\"UTF-8\"?>\n<svg xmlns=\"http:\/\/www.w3.org\/2000\/svg\" version=\"1.1\" viewbox=\"0 0 231.8 89.5\" fill=\"currentColor\" >\n  <polygon points=\"228.8 44.5 200.3 16 200.3 41.6 3 41.6 3 48 200.3 48 200.3 72.7 228.8 44.5\"\/>\n<\/svg><\/span>\n        <span class=\"btn-text\">\n        <span>En savoir plus<\/span>\n    <\/span>\n        <span class=\"btn-icon\"><?xml version=\"1.0\" encoding=\"UTF-8\"?>\n<svg xmlns=\"http:\/\/www.w3.org\/2000\/svg\" version=\"1.1\" viewbox=\"0 0 231.8 89.5\" fill=\"currentColor\" >\n  <polygon points=\"228.8 44.5 200.3 16 200.3 41.6 3 41.6 3 48 200.3 48 200.3 72.7 228.8 44.5\"\/>\n<\/svg><\/span>\n    <\/a><\/p> \n                <\/div>\n\n                                <div class=\"col-s1e6 pos-1 pos-sm-2\">\n\n                    \n\n<div class=\"fs-media fs-media-ratio-8-7 rounded-corners do-anim\">\n    <div class=\"fs-media-item\">\n        <div class=\"fs-media-item-inner\">\n            <img class=\"fs-image\" src=\"https:\/\/hyracing.com\/wp-content\/uploads\/2024\/09\/2024-03-14-D850-262-1024x683.webp\" srcset=\"https:\/\/hyracing.com\/wp-content\/uploads\/2024\/09\/2024-03-14-D850-262-1024x683.webp 1024w, https:\/\/hyracing.com\/wp-content\/uploads\/2024\/09\/2024-03-14-D850-262-768x512.webp 768w, https:\/\/hyracing.com\/wp-content\/uploads\/2024\/09\/2024-03-14-D850-262-512x341.webp 512w\"  width=\"1024\" height=\"683\" alt=\"2024-03-14-D850-262\" decoding=\"async\" loading=\"lazy\" >        <\/div>\n    <\/div>\n<\/div>\n\n \n                    \n<div class=\"fs-text-bg width-auto position-top align-left\">\n    <div class=\"fs-text-bg-el\">\n        <div class=\"fs-text-bg-el-text char-lettering do-anim translation-block\">PILOTEZ <br>UNE <br>LEGENDE<\/div>    <\/div>\n<\/div>\n                <\/div>\n                                \n            <\/div>\n\n        <\/div>\n\n    <\/div>\n\n    \n    \n    \n<div class=\"fs-bg-flag fs-bg-flag-top-right\">    \n    <img src=\"https:\/\/hyracing.com\/wp-content\/themes\/fstheme\/assets\/img\/flag.png\" decoding=\"async\" loading=\"lazy\">\n<\/div>\n\n<\/section>\n\n\n\n\n\n\n\n\n\n<section class=\"text-media-section section section-height-auto\">\n\n    <div class=\"section-inner\">\n\n        <div class=\"wrapper\">\n\n            <div class=\"grid-row\">\n\n                <div class=\"col-s1e5 do-anim\">                    \n                    \n    <span class=\"h6 superline align-left\">\n                    Racing            <\/span>\n\n    <h2 class=\"h2 align-left\">\n                    Rejoignez notre team de course            <\/h2>\n<p>Vivez l'exp\u00e9rience ultime, le shot d'adr\u00e9naline, sur diff\u00e9rents circuits dans toute l'Europe.<\/p>\n<p class=\"p-btn align-left\">\n<a class=\"btn  btn-normal\" href=\"http:\/\/hyracing.com\/fr\/racing\/\" target=\"\" >\n        <span class=\"btn-icon on-hover\"><?xml version=\"1.0\" encoding=\"UTF-8\"?>\n<svg xmlns=\"http:\/\/www.w3.org\/2000\/svg\" version=\"1.1\" viewbox=\"0 0 231.8 89.5\" fill=\"currentColor\" >\n  <polygon points=\"228.8 44.5 200.3 16 200.3 41.6 3 41.6 3 48 200.3 48 200.3 72.7 228.8 44.5\"\/>\n<\/svg><\/span>\n        <span class=\"btn-text\">\n        <span>Courses classiques<\/span>\n    <\/span>\n        <span class=\"btn-icon\"><?xml version=\"1.0\" encoding=\"UTF-8\"?>\n<svg xmlns=\"http:\/\/www.w3.org\/2000\/svg\" version=\"1.1\" viewbox=\"0 0 231.8 89.5\" fill=\"currentColor\" >\n  <polygon points=\"228.8 44.5 200.3 16 200.3 41.6 3 41.6 3 48 200.3 48 200.3 72.7 228.8 44.5\"\/>\n<\/svg><\/span>\n    <\/a>\n<a class=\"btn  btn-normal\" href=\"http:\/\/hyracing.com\/fr\/racing\/\" target=\"\" >\n        <span class=\"btn-icon on-hover\"><?xml version=\"1.0\" encoding=\"UTF-8\"?>\n<svg xmlns=\"http:\/\/www.w3.org\/2000\/svg\" version=\"1.1\" viewbox=\"0 0 231.8 89.5\" fill=\"currentColor\" >\n  <polygon points=\"228.8 44.5 200.3 16 200.3 41.6 3 41.6 3 48 200.3 48 200.3 72.7 228.8 44.5\"\/>\n<\/svg><\/span>\n        <span class=\"btn-text\">\n        <span>Courses GT<\/span>\n    <\/span>\n        <span class=\"btn-icon\"><?xml version=\"1.0\" encoding=\"UTF-8\"?>\n<svg xmlns=\"http:\/\/www.w3.org\/2000\/svg\" version=\"1.1\" viewbox=\"0 0 231.8 89.5\" fill=\"currentColor\" >\n  <polygon points=\"228.8 44.5 200.3 16 200.3 41.6 3 41.6 3 48 200.3 48 200.3 72.7 228.8 44.5\"\/>\n<\/svg><\/span>\n    <\/a><\/p> \n                <\/div>\n\n                                \n            <\/div>\n\n        <\/div>\n\n    <\/div>\n\n    \n<div class=\"fs-bg\">\n    <div class=\"fs-bg-el phat-parallax has-overlay overlay-left\">\n        <img class=\"fs-image\" src=\"https:\/\/hyracing.com\/wp-content\/uploads\/2024\/09\/spa-summer-classic-2023.webp\" srcset=\"https:\/\/hyracing.com\/wp-content\/uploads\/2024\/09\/spa-summer-classic-2023.webp 1680w, https:\/\/hyracing.com\/wp-content\/uploads\/2024\/09\/spa-summer-classic-2023-1440x960.webp 1440w, https:\/\/hyracing.com\/wp-content\/uploads\/2024\/09\/spa-summer-classic-2023-1024x683.webp 1024w, https:\/\/hyracing.com\/wp-content\/uploads\/2024\/09\/spa-summer-classic-2023-768x512.webp 768w, https:\/\/hyracing.com\/wp-content\/uploads\/2024\/09\/spa-summer-classic-2023-512x341.webp 512w\"  width=\"1920\" height=\"1280\" alt=\"spa-summer-classic-2023\" decoding=\"async\" loading=\"lazy\" >    <\/div>\n        <\/div>\n\n    \n    \n<\/section>\n\n\n\n\n\n\n\n\n\n<section class=\"cars-section section\">\n\n    <div class=\"section-inner\">\n\n        <div class=\"wrapper\">\n\n            <div class=\"grid-row justify-bottom\">\n                <div class=\"col-s1e8\">\n\n                                \n    <span class=\"h6 superline align-left\">\n                    Nos voitures            <\/span>\n                \n    <h2 class=\"h2 align-left\">\n                    Les l\u00e9gendes            <\/h2>\n                                \n                <\/div>\n\n                                <div class=\"col-s9e12 align-right pseudo-pagination-col\">\n                    <div class=\"pseudo-pagination pseudo-pagination-slider\">\n                        <a class=\"btn only-icon pseudo-prev is-disabled\" href=\"#\" target=\"_self\">\n                            <span class=\"btn-icon on-hover\"><?xml version=\"1.0\" encoding=\"UTF-8\"?>\n<svg xmlns=\"http:\/\/www.w3.org\/2000\/svg\" version=\"1.1\" viewbox=\"0 0 256 256\" fill=\"currentColor\" >\n  <polygon points=\"254.4 128.3 190.6 64.5 190.6 121.8 1.6 121.8 1.6 136.2 190.6 136.2 190.6 191.5 254.4 128.3\"\/>\n<\/svg><\/span>\n                            <span class=\"btn-icon\"><?xml version=\"1.0\" encoding=\"UTF-8\"?>\n<svg xmlns=\"http:\/\/www.w3.org\/2000\/svg\" version=\"1.1\" viewbox=\"0 0 256 256\" fill=\"currentColor\" >\n  <polygon points=\"254.4 128.3 190.6 64.5 190.6 121.8 1.6 121.8 1.6 136.2 190.6 136.2 190.6 191.5 254.4 128.3\"\/>\n<\/svg><\/span>\n                        <\/a>\n                        <a class=\"btn only-icon pseudo-next\" href=\"#\" target=\"_self\">\n                            <span class=\"btn-icon on-hover\"><?xml version=\"1.0\" encoding=\"UTF-8\"?>\n<svg xmlns=\"http:\/\/www.w3.org\/2000\/svg\" version=\"1.1\" viewbox=\"0 0 256 256\" fill=\"currentColor\" >\n  <polygon points=\"254.4 128.3 190.6 64.5 190.6 121.8 1.6 121.8 1.6 136.2 190.6 136.2 190.6 191.5 254.4 128.3\"\/>\n<\/svg><\/span>\n                            <span class=\"btn-icon\"><?xml version=\"1.0\" encoding=\"UTF-8\"?>\n<svg xmlns=\"http:\/\/www.w3.org\/2000\/svg\" version=\"1.1\" viewbox=\"0 0 256 256\" fill=\"currentColor\" >\n  <polygon points=\"254.4 128.3 190.6 64.5 190.6 121.8 1.6 121.8 1.6 136.2 190.6 136.2 190.6 191.5 254.4 128.3\"\/>\n<\/svg><\/span>\n                        <\/a>\n                    <\/div>\n                <\/div>   \n                \n             <\/div>\n\n\n            \n                        <div class=\"grid-row grid-row-slider\">\n                <div class=\"col-s1e12 fs-grid fs-grid-col-3 fs-grid-slider\">\n                    \n\t<div class=\"grid-item car-item\" style=\"--item-index: 1;\">\n\t\t\t\t<a class=\"media-hover\" href=\"http:\/\/hyracing.com\/fr\/voitures-pilotes\/\">\n\t\t\t\t\t<div class=\"media-container\">\n\t\t\t\t\n\n<div class=\"fs-media fs-media-ratio-7-8 rounded-corners do-anim\">\n    <div class=\"fs-media-item\">\n        <div class=\"fs-media-item-inner\">\n            <img class=\"fs-image\" src=\"https:\/\/hyracing.com\/wp-content\/uploads\/2024\/09\/Ford-Mustang-768x927.webp\" srcset=\"https:\/\/hyracing.com\/wp-content\/uploads\/2024\/09\/Ford-Mustang-768x927.webp 768w, https:\/\/hyracing.com\/wp-content\/uploads\/2024\/09\/Ford-Mustang-512x618.webp 512w\"  width=\"768\" height=\"927\" alt=\"Ford-Mustang\" decoding=\"async\" loading=\"lazy\" >        <\/div>\n    <\/div>\n<\/div>\n\n\t\t\t<\/div>\n\n\t\t\t<div class=\"media-meta\">\n\t\t\t\t\n    <span class=\"h4 meta-title\">\n                    Ford Mustang            <\/span>\n\t\t\t\t<div class=\"meta-info\">Moteur V8<br \/>\r\n4700cc<br \/>\r\n300 ch<\/div>\t\t\t<\/div>\n\t\t\t\t<\/a>\n\t\t\t<\/div>\n\t<div class=\"grid-item car-item\" style=\"--item-index: 2;\">\n\t\t\t\t<a class=\"media-hover\" href=\"http:\/\/hyracing.com\/fr\/voitures-pilotes\/\">\n\t\t\t\t\t<div class=\"media-container\">\n\t\t\t\t\n\n<div class=\"fs-media fs-media-ratio-7-8 rounded-corners do-anim\">\n    <div class=\"fs-media-item\">\n        <div class=\"fs-media-item-inner\">\n            <img class=\"fs-image\" src=\"https:\/\/hyracing.com\/wp-content\/uploads\/2024\/09\/Datsun-768x927.webp\" srcset=\"https:\/\/hyracing.com\/wp-content\/uploads\/2024\/09\/Datsun-768x927.webp 768w, https:\/\/hyracing.com\/wp-content\/uploads\/2024\/09\/Datsun-512x618.webp 512w\"  width=\"768\" height=\"927\" alt=\"Datsun\" decoding=\"async\" loading=\"lazy\" >        <\/div>\n    <\/div>\n<\/div>\n\n\t\t\t<\/div>\n\n\t\t\t<div class=\"media-meta\">\n\t\t\t\t\n    <span class=\"h4 meta-title\">\n                    Datsun 240 Z            <\/span>\n\t\t\t\t<div class=\"meta-info\">Moteur 6 cylindres<br \/>\r\n2393cc<br \/>\r\n180 ch<\/div>\t\t\t<\/div>\n\t\t\t\t<\/a>\n\t\t\t<\/div>\n\t<div class=\"grid-item car-item\" style=\"--item-index: 3;\">\n\t\t\t\t<a class=\"media-hover\" href=\"http:\/\/hyracing.com\/fr\/voitures-pilotes\/\">\n\t\t\t\t\t<div class=\"media-container\">\n\t\t\t\t\n\n<div class=\"fs-media fs-media-ratio-7-8 rounded-corners do-anim\">\n    <div class=\"fs-media-item\">\n        <div class=\"fs-media-item-inner\">\n            <img class=\"fs-image\" src=\"https:\/\/hyracing.com\/wp-content\/uploads\/2024\/09\/Shelby-Cobra-768x927.webp\" srcset=\"https:\/\/hyracing.com\/wp-content\/uploads\/2024\/09\/Shelby-Cobra-768x927.webp 768w, https:\/\/hyracing.com\/wp-content\/uploads\/2024\/09\/Shelby-Cobra-512x618.webp 512w\"  width=\"768\" height=\"927\" alt=\"Shelby-Cobra\" decoding=\"async\" loading=\"lazy\" >        <\/div>\n    <\/div>\n<\/div>\n\n\t\t\t<\/div>\n\n\t\t\t<div class=\"media-meta\">\n\t\t\t\t\n    <span class=\"h4 meta-title\">\n                    Shelby Cobra 289            <\/span>\n\t\t\t\t<div class=\"meta-info\">Moteur V8<br \/>\r\n6000cc<br \/>\r\n450 ch<\/div>\t\t\t<\/div>\n\t\t\t\t<\/a>\n\t\t\t<\/div>\n\t<div class=\"grid-item car-item\" style=\"--item-index: 4;\">\n\t\t\t\t<a class=\"media-hover\" href=\"http:\/\/hyracing.com\/fr\/voitures-pilotes\/\">\n\t\t\t\t\t<div class=\"media-container\">\n\t\t\t\t\n\n<div class=\"fs-media fs-media-ratio-7-8 rounded-corners do-anim\">\n    <div class=\"fs-media-item\">\n        <div class=\"fs-media-item-inner\">\n            <img class=\"fs-image\" src=\"https:\/\/hyracing.com\/wp-content\/uploads\/2024\/09\/Porsche911-768x927.webp\" srcset=\"https:\/\/hyracing.com\/wp-content\/uploads\/2024\/09\/Porsche911-768x927.webp 768w, https:\/\/hyracing.com\/wp-content\/uploads\/2024\/09\/Porsche911-512x618.webp 512w\"  width=\"768\" height=\"927\" alt=\"Porsche911\" decoding=\"async\" loading=\"lazy\" >        <\/div>\n    <\/div>\n<\/div>\n\n\t\t\t<\/div>\n\n\t\t\t<div class=\"media-meta\">\n\t\t\t\t\n    <span class=\"h4 meta-title\">\n                    Porsche 911 RS            <\/span>\n\t\t\t\t<div class=\"meta-info\">Moteur 6 cylindres<br \/>\r\n3000cc<br \/>\r\n300 ch<\/div>\t\t\t<\/div>\n\t\t\t\t<\/a>\n\t\t\t<\/div>\n\t<div class=\"grid-item car-item\" style=\"--item-index: 5;\">\n\t\t\t\t<a class=\"media-hover\" href=\"http:\/\/hyracing.com\/fr\/voitures-pilotes\/\">\n\t\t\t\t\t<div class=\"media-container\">\n\t\t\t\t\n\n<div class=\"fs-media fs-media-ratio-7-8 rounded-corners do-anim\">\n    <div class=\"fs-media-item\">\n        <div class=\"fs-media-item-inner\">\n            <img class=\"fs-image\" src=\"https:\/\/hyracing.com\/wp-content\/uploads\/2024\/09\/porsche-964-768x927.webp\" srcset=\"https:\/\/hyracing.com\/wp-content\/uploads\/2024\/09\/porsche-964-768x927.webp 768w, https:\/\/hyracing.com\/wp-content\/uploads\/2024\/09\/porsche-964-512x618.webp 512w\"  width=\"768\" height=\"927\" alt=\"porsche-964\" decoding=\"async\" loading=\"lazy\" >        <\/div>\n    <\/div>\n<\/div>\n\n\t\t\t<\/div>\n\n\t\t\t<div class=\"media-meta\">\n\t\t\t\t\n    <span class=\"h4 meta-title\">\n                    Porsche 964            <\/span>\n\t\t\t\t<div class=\"meta-info\">Moteur 6 cylindres<br \/>\r\n3600cc<br \/>\r\n300 ch<\/div>\t\t\t<\/div>\n\t\t\t\t<\/a>\n\t\t\t<\/div>\n\t<div class=\"grid-item car-item\" style=\"--item-index: 6;\">\n\t\t\t\t<a class=\"media-hover\" href=\"http:\/\/hyracing.com\/fr\/voitures-pilotes\/\">\n\t\t\t\t\t<div class=\"media-container\">\n\t\t\t\t\n\n<div class=\"fs-media fs-media-ratio-7-8 rounded-corners do-anim\">\n    <div class=\"fs-media-item\">\n        <div class=\"fs-media-item-inner\">\n            <img class=\"fs-image\" src=\"https:\/\/hyracing.com\/wp-content\/uploads\/2024\/09\/DeTomasoPantera-768x927.webp\" srcset=\"https:\/\/hyracing.com\/wp-content\/uploads\/2024\/09\/DeTomasoPantera-768x927.webp 768w, https:\/\/hyracing.com\/wp-content\/uploads\/2024\/09\/DeTomasoPantera-512x618.webp 512w\"  width=\"768\" height=\"927\" alt=\"DeTomasoPantera\" decoding=\"async\" loading=\"lazy\" >        <\/div>\n    <\/div>\n<\/div>\n\n\t\t\t<\/div>\n\n\t\t\t<div class=\"media-meta\">\n\t\t\t\t\n    <span class=\"h4 meta-title\">\n                    De Tomaso Pantera            <\/span>\n\t\t\t\t<div class=\"meta-info\">Moteur V8<br \/>\r\n5800 cc<br \/>\r\n305 ch<\/div>\t\t\t<\/div>\n\t\t\t\t<\/a>\n\t\t\t<\/div>\n\t<div class=\"grid-item car-item\" style=\"--item-index: 7;\">\n\t\t\t\t<a class=\"media-hover\" href=\"http:\/\/hyracing.com\/fr\/voitures-pilotes\/\">\n\t\t\t\t\t<div class=\"media-container\">\n\t\t\t\t\n\n<div class=\"fs-media fs-media-ratio-7-8 rounded-corners do-anim\">\n    <div class=\"fs-media-item\">\n        <div class=\"fs-media-item-inner\">\n            <img class=\"fs-image\" src=\"https:\/\/hyracing.com\/wp-content\/uploads\/2024\/09\/Porsche2-7-768x927.webp\" srcset=\"https:\/\/hyracing.com\/wp-content\/uploads\/2024\/09\/Porsche2-7-768x927.webp 768w, https:\/\/hyracing.com\/wp-content\/uploads\/2024\/09\/Porsche2-7-512x618.webp 512w\"  width=\"768\" height=\"927\" alt=\"Porsche2-7\" decoding=\"async\" loading=\"lazy\" >        <\/div>\n    <\/div>\n<\/div>\n\n\t\t\t<\/div>\n\n\t\t\t<div class=\"media-meta\">\n\t\t\t\t\n    <span class=\"h4 meta-title\">\n                    Porsche 911 2.7            <\/span>\n\t\t\t\t<div class=\"meta-info\">Moteur 6 cylindres<br \/>\r\n2700 cc<br \/>\r\n170 cv<\/div>\t\t\t<\/div>\n\t\t\t\t<\/a>\n\t\t\t<\/div>\n\t<div class=\"grid-item car-item\" style=\"--item-index: 8;\">\n\t\t\t\t<a class=\"media-hover\" href=\"http:\/\/hyracing.com\/fr\/voitures-pilotes\/\">\n\t\t\t\t\t<div class=\"media-container\">\n\t\t\t\t\n\n<div class=\"fs-media fs-media-ratio-7-8 rounded-corners do-anim\">\n    <div class=\"fs-media-item\">\n        <div class=\"fs-media-item-inner\">\n            <img class=\"fs-image\" src=\"https:\/\/hyracing.com\/wp-content\/uploads\/2024\/09\/FordGT40-close-768x927.webp\" srcset=\"https:\/\/hyracing.com\/wp-content\/uploads\/2024\/09\/FordGT40-close-768x927.webp 768w, https:\/\/hyracing.com\/wp-content\/uploads\/2024\/09\/FordGT40-close-512x618.webp 512w\"  width=\"768\" height=\"927\" alt=\"FordGT40-close\" decoding=\"async\" loading=\"lazy\" >        <\/div>\n    <\/div>\n<\/div>\n\n\t\t\t<\/div>\n\n\t\t\t<div class=\"media-meta\">\n\t\t\t\t\n    <span class=\"h4 meta-title\">\n                    Ford GT40            <\/span>\n\t\t\t\t<div class=\"meta-info\">Moteur V8<br \/>\r\n6000 cc<br \/>\r\n450 cv<\/div>\t\t\t<\/div>\n\t\t\t\t<\/a>\n\t\t\t<\/div>                <\/div>\n            <\/div> \n            \n            \n\n            <div class=\"grid-row grid-row-button\">\n                <div class=\"col-s1e12\">\n                    <p class=\"p-btn\">\n<a class=\"btn  btn-normal\" href=\"http:\/\/hyracing.com\/fr\/voitures-pilotes\/\" target=\"\" >\n        <span class=\"btn-icon on-hover\"><?xml version=\"1.0\" encoding=\"UTF-8\"?>\n<svg xmlns=\"http:\/\/www.w3.org\/2000\/svg\" version=\"1.1\" viewbox=\"0 0 231.8 89.5\" fill=\"currentColor\" >\n  <polygon points=\"228.8 44.5 200.3 16 200.3 41.6 3 41.6 3 48 200.3 48 200.3 72.7 228.8 44.5\"\/>\n<\/svg><\/span>\n        <span class=\"btn-text\">\n        <span>Voir tout<\/span>\n    <\/span>\n        <span class=\"btn-icon\"><?xml version=\"1.0\" encoding=\"UTF-8\"?>\n<svg xmlns=\"http:\/\/www.w3.org\/2000\/svg\" version=\"1.1\" viewbox=\"0 0 231.8 89.5\" fill=\"currentColor\" >\n  <polygon points=\"228.8 44.5 200.3 16 200.3 41.6 3 41.6 3 48 200.3 48 200.3 72.7 228.8 44.5\"\/>\n<\/svg><\/span>\n    <\/a><\/p>                    <\/div>\n                <\/div> \n            <\/div>\n\n    <\/div>\n\n    \n    \n    \n<div class=\"fs-bg-flag fs-bg-flag-bottom-left\">    \n    <img src=\"https:\/\/hyracing.com\/wp-content\/themes\/fstheme\/assets\/img\/flag.png\" decoding=\"async\" loading=\"lazy\">\n<\/div>\n\n<\/section>","protected":false},"excerpt":{"rendered":"","protected":false},"author":1,"featured_media":0,"parent":0,"menu_order":0,"comment_status":"closed","ping_status":"closed","template":"","meta":{"footnotes":""},"class_list":["post-2","page","type-page","status-publish","hentry"],"acf":[],"_links":{"self":[{"href":"https:\/\/hyracing.com\/fr\/wp-json\/wp\/v2\/pages\/2","targetHints":{"allow":["GET"]}}],"collection":[{"href":"https:\/\/hyracing.com\/fr\/wp-json\/wp\/v2\/pages"}],"about":[{"href":"https:\/\/hyracing.com\/fr\/wp-json\/wp\/v2\/types\/page"}],"author":[{"embeddable":true,"href":"https:\/\/hyracing.com\/fr\/wp-json\/wp\/v2\/users\/1"}],"replies":[{"embeddable":true,"href":"https:\/\/hyracing.com\/fr\/wp-json\/wp\/v2\/comments?post=2"}],"version-history":[{"count":235,"href":"https:\/\/hyracing.com\/fr\/wp-json\/wp\/v2\/pages\/2\/revisions"}],"predecessor-version":[{"id":955,"href":"https:\/\/hyracing.com\/fr\/wp-json\/wp\/v2\/pages\/2\/revisions\/955"}],"wp:attachment":[{"href":"https:\/\/hyracing.com\/fr\/wp-json\/wp\/v2\/media?parent=2"}],"curies":[{"name":"wp","href":"https:\/\/api.w.org\/{rel}","templated":true}]}}