{"id":468,"date":"2024-09-30T07:34:49","date_gmt":"2024-09-30T07:34:49","guid":{"rendered":"http:\/\/hyracing.com\/?page_id=468"},"modified":"2024-11-20T07:26:02","modified_gmt":"2024-11-20T07:26:02","slug":"hyracing-concept","status":"publish","type":"page","link":"https:\/\/hyracing.com\/de\/hyracing-konzept\/","title":{"rendered":"Hyracing-Konzept"},"content":{"rendered":"<section class=\"hero-section section section-height-auto\">\n\n    <div class=\"section-inner page-title\">\n\n        <div class=\"wrapper do-anim\">\n\n                        \n    <span class=\"h6 superline align-center\">\n                    Hyracing-Konzept            <\/span>\n                \n    <h1 class=\"h1 align-center\">\n                    \u00dcber Hyracing            <\/h1>\n                \n            \n        <\/div>\n\n    <\/div>\n\n    \n<div class=\"fs-bg\">\n    <div class=\"fs-bg-el phat-parallax has-overlay overlay-full\">\n        <img class=\"fs-image\" src=\"https:\/\/hyracing.com\/wp-content\/uploads\/2024\/09\/hero-concept.webp\" srcset=\"https:\/\/hyracing.com\/wp-content\/uploads\/2024\/09\/hero-concept.webp 1680w, https:\/\/hyracing.com\/wp-content\/uploads\/2024\/09\/hero-concept-1440x960.webp 1440w, https:\/\/hyracing.com\/wp-content\/uploads\/2024\/09\/hero-concept-1024x683.webp 1024w, https:\/\/hyracing.com\/wp-content\/uploads\/2024\/09\/hero-concept-768x512.webp 768w, https:\/\/hyracing.com\/wp-content\/uploads\/2024\/09\/hero-concept-512x341.webp 512w\"  width=\"1920\" height=\"1280\" alt=\"Helden-Konzept\" decoding=\"async\" loading=\"lazy\" >    <\/div>\n        <\/div>\n\n    \n<\/section>\n\n\n\n\n<section class=\"text-media-section section\">\n\n    <div class=\"section-inner\">\n\n        <div class=\"wrapper\">\n\n            <div class=\"grid-row\">\n\n                <div class=\"col-s1e12 do-anim\">                    \n                    \n    <h2 class=\"h2 align-center\">\n                    VERBRINGE EINEN TAG AUF EINER PRIVATEN RENNSTRECKE            <\/h2>\n<p style=\"text-align: center;\" class=\" translation-block\">mit professionellen Rennfahrern, Referenzrunden sowie Daten- und Videoanalyse<br> mit dem Race Navigator in sonniger und freundlicher Atmosph\u00e4re<\/p>\n<div class=\"fs-grid fs-grid-justify-center grid-infoboxes grid-infoboxes-default fs-grid-col-6 fs-grid-devided\">\n        <div class=\"grid-item infobox-item align-center\">\n        <span class=\"infobox-icon colored\"><?xml version=\"1.0\" encoding=\"UTF-8\"?>\n<svg id=\"Ebene_1\" data-name=\"Ebene 1\" xmlns=\"http:\/\/www.w3.org\/2000\/svg\" version=\"1.1\" viewbox=\"0 0 255.1 255.1\" fill=\"currentColor\">\n  <path d=\"M104.6,152.4c20.7-20.7,41-41.1,61.3-61.5,12.5-12.5,24.9-25,37.5-37.4,10.3-10.1,24.1-10.7,33.5-1.6,9.9,9.6,10.3,23.8,0,34.2-38.3,38.6-76.7,77.1-115.2,115.3-11.2,11.1-24,10.9-35.4-.3-22.8-22.5-45.5-45.2-68-68-9.8-9.9-10-24.6-1.1-33.7,9-9.3,24.3-9.2,34.4.7,17.5,17,34.7,34.3,53,52.3Z\"\/>\n<\/svg><\/span>                <div class=\"infobox-title  colored translation-block\">legend\u00e4re <br>\nFahrzeuge<\/div>                    <\/div>\n        <div class=\"grid-item infobox-item align-center\">\n        <span class=\"infobox-icon colored\"><?xml version=\"1.0\" encoding=\"UTF-8\"?>\n<svg id=\"Ebene_1\" data-name=\"Ebene 1\" xmlns=\"http:\/\/www.w3.org\/2000\/svg\" version=\"1.1\" viewbox=\"0 0 255.1 255.1\" fill=\"currentColor\">\n  <path d=\"M104.6,152.4c20.7-20.7,41-41.1,61.3-61.5,12.5-12.5,24.9-25,37.5-37.4,10.3-10.1,24.1-10.7,33.5-1.6,9.9,9.6,10.3,23.8,0,34.2-38.3,38.6-76.7,77.1-115.2,115.3-11.2,11.1-24,10.9-35.4-.3-22.8-22.5-45.5-45.2-68-68-9.8-9.9-10-24.6-1.1-33.7,9-9.3,24.3-9.2,34.4.7,17.5,17,34.7,34.3,53,52.3Z\"\/>\n<\/svg><\/span>                <div class=\"infobox-title  colored translation-block\">BEGRENZTE ANZAHL VON FAHRZEUGEN AUF DER STRECKE<\/div>                    <\/div>\n        <div class=\"grid-item infobox-item align-center\">\n        <span class=\"infobox-icon colored\"><?xml version=\"1.0\" encoding=\"UTF-8\"?>\n<svg id=\"Ebene_1\" data-name=\"Ebene 1\" xmlns=\"http:\/\/www.w3.org\/2000\/svg\" version=\"1.1\" viewbox=\"0 0 255.1 255.1\" fill=\"currentColor\">\n  <path d=\"M104.6,152.4c20.7-20.7,41-41.1,61.3-61.5,12.5-12.5,24.9-25,37.5-37.4,10.3-10.1,24.1-10.7,33.5-1.6,9.9,9.6,10.3,23.8,0,34.2-38.3,38.6-76.7,77.1-115.2,115.3-11.2,11.1-24,10.9-35.4-.3-22.8-22.5-45.5-45.2-68-68-9.8-9.9-10-24.6-1.1-33.7,9-9.3,24.3-9.2,34.4.7,17.5,17,34.7,34.3,53,52.3Z\"\/>\n<\/svg><\/span>                <div class=\"infobox-title  colored\">atemberaubend <br \/>\r\nKulisse<\/div>                    <\/div>\n        <div class=\"grid-item infobox-item align-center\">\n        <span class=\"infobox-icon colored\"><?xml version=\"1.0\" encoding=\"UTF-8\"?>\n<svg id=\"Ebene_1\" data-name=\"Ebene 1\" xmlns=\"http:\/\/www.w3.org\/2000\/svg\" version=\"1.1\" viewbox=\"0 0 255.1 255.1\" fill=\"currentColor\">\n  <path d=\"M104.6,152.4c20.7-20.7,41-41.1,61.3-61.5,12.5-12.5,24.9-25,37.5-37.4,10.3-10.1,24.1-10.7,33.5-1.6,9.9,9.6,10.3,23.8,0,34.2-38.3,38.6-76.7,77.1-115.2,115.3-11.2,11.1-24,10.9-35.4-.3-22.8-22.5-45.5-45.2-68-68-9.8-9.9-10-24.6-1.1-33.7,9-9.3,24.3-9.2,34.4.7,17.5,17,34.7,34.3,53,52.3Z\"\/>\n<\/svg><\/span>                <div class=\"infobox-title  colored\">PERS\u00d6NLICHE COACHES VERF\u00dcGBAR<\/div>                    <\/div>\n        <div class=\"grid-item infobox-item align-center\">\n        <span class=\"infobox-icon colored\"><?xml version=\"1.0\" encoding=\"UTF-8\"?>\n<svg id=\"Ebene_1\" data-name=\"Ebene 1\" xmlns=\"http:\/\/www.w3.org\/2000\/svg\" version=\"1.1\" viewbox=\"0 0 255.1 255.1\" fill=\"currentColor\">\n  <path d=\"M104.6,152.4c20.7-20.7,41-41.1,61.3-61.5,12.5-12.5,24.9-25,37.5-37.4,10.3-10.1,24.1-10.7,33.5-1.6,9.9,9.6,10.3,23.8,0,34.2-38.3,38.6-76.7,77.1-115.2,115.3-11.2,11.1-24,10.9-35.4-.3-22.8-22.5-45.5-45.2-68-68-9.8-9.9-10-24.6-1.1-33.7,9-9.3,24.3-9.2,34.4.7,17.5,17,34.7,34.3,53,52.3Z\"\/>\n<\/svg><\/span>                <div class=\"infobox-title  colored translation-block\">ALL-INCLUSIVE MIT CATERING<\/div>                    <\/div>\n    <\/div>\n\n \n                <\/div>\n\n                                \n            <\/div>\n\n        <\/div>\n\n    <\/div>\n\n    \n    \n    \n<div class=\"fs-bg-flag fs-bg-flag-top-right\">    \n    <img src=\"https:\/\/hyracing.com\/wp-content\/themes\/fstheme\/assets\/img\/flag.png\" decoding=\"async\" loading=\"lazy\">\n<\/div>\n\n<\/section>\n\n\n\n\n\n\n\n\n\n<section class=\"text-media-section section\">\n\n    <div class=\"section-inner\">\n\n        <div class=\"wrapper\">\n\n            <div class=\"grid-row justify-center\">\n\n                <div class=\"col-s2e6 pos-sm-1 do-anim\">                    \n                    \n    <span class=\"h6 superline align-left\">\n                    UNSER ANGEBOT            <\/span>\n\n    <h2 class=\"h5 align-left translation-block\">Exklusive Renntage mit optionalem Coaching auf der Rennstrecke von Andalusien<\/h2>\n<p style=\"text-align: left;\">Buchen Sie einen Platz bei unseren offenen Renntagen oder stellen Sie eine Anfrage f\u00fcr einen privaten Renntag, ein Team- oder Gesch\u00e4ftsveranstaltung.<\/p>\n<p style=\"text-align: left;\">Wir bieten Mietfahrzeuge und Fahrer f\u00fcr Coachings an.<br \/>\nUnsere Fahrzeuge k\u00f6nnen nur zusammen mit einem Fahrer gemietet werden.<br \/>\nSie haben auch die M\u00f6glichkeit, Ihr eigenes Rennfahrzeug mitzubringen.<\/p>\n<p style=\"text-align: left;\">Mittagessen, Getr\u00e4nke und Abendessen inklusive<\/p>\n \n                <\/div>\n\n                                <div class=\"col-s7e11 pos-sm-2\">\n\n                    \n\n<div class=\"fs-media fs-media-ratio-1-1 rounded-corners do-anim\">\n    <div class=\"fs-media-item\">\n        <div class=\"fs-media-item-inner\">\n            <img class=\"fs-image\" src=\"https:\/\/hyracing.com\/wp-content\/uploads\/2024\/09\/2024-03-14-D810-101-1024x683.webp\" srcset=\"https:\/\/hyracing.com\/wp-content\/uploads\/2024\/09\/2024-03-14-D810-101-1024x683.webp 1024w, https:\/\/hyracing.com\/wp-content\/uploads\/2024\/09\/2024-03-14-D810-101-768x512.webp 768w, https:\/\/hyracing.com\/wp-content\/uploads\/2024\/09\/2024-03-14-D810-101-512x342.webp 512w\"  width=\"1024\" height=\"683\" alt=\"2024-03-14 D810 101\" decoding=\"async\" loading=\"lazy\" >        <\/div>\n    <\/div>\n<\/div>\n\n \n                                    <\/div>\n                                \n            <\/div>\n\n        <\/div>\n\n    <\/div>\n\n    \n    \n    \n<\/section>\n\n\n\n\n\n\n\n\n\n<section class=\"text-media-section section\">\n\n    <div class=\"section-inner\">\n\n        <div class=\"wrapper\">\n\n            <div class=\"grid-row justify-center\">\n\n                <div class=\"col-s7e11 pos-2 pos-sm-1 do-anim\">                    \n                    \n    <span class=\"h6 superline align-left\">\n                    Wer kann buchen?            <\/span>\n\n    <h2 class=\"h5 align-left\">\n                    Alle Rennfahrzeug-\/Oldtimer-Enthusiasten            <\/h2>\n<p class=\" translation-block\">Wenn Sie einen Adrenalin-Kick suchen, den Traum Ihrer Jugend leben m\u00f6chten oder sich f\u00fcr Oldtimer und Legenden begeistern, dann ist dieses Angebot genau <strong>das Richtige f\u00fcr Sie!<\/strong><\/p>\n<p>Schlie\u00dfen Sie sich mit Gleichgesinnten zusammen und verbringen Sie einen tollen Tag\/ein tolles Wochenende auf einer der sch\u00f6nsten Rennstrecken Europas!<\/p>\n<p class=\"p-btn align-left\">\n<a class=\"btn  btn-normal\" href=\"http:\/\/hyracing.com\/de\/kontakt\/\" target=\"\" >\n        <span class=\"btn-icon on-hover\"><?xml version=\"1.0\" encoding=\"UTF-8\"?>\n<svg xmlns=\"http:\/\/www.w3.org\/2000\/svg\" version=\"1.1\" viewbox=\"0 0 231.8 89.5\" fill=\"currentColor\" >\n  <polygon points=\"228.8 44.5 200.3 16 200.3 41.6 3 41.6 3 48 200.3 48 200.3 72.7 228.8 44.5\"\/>\n<\/svg><\/span>\n        <span class=\"btn-text\">\n        <span>Kontaktieren Sie uns<\/span>\n    <\/span>\n        <span class=\"btn-icon\"><?xml version=\"1.0\" encoding=\"UTF-8\"?>\n<svg xmlns=\"http:\/\/www.w3.org\/2000\/svg\" version=\"1.1\" viewbox=\"0 0 231.8 89.5\" fill=\"currentColor\" >\n  <polygon points=\"228.8 44.5 200.3 16 200.3 41.6 3 41.6 3 48 200.3 48 200.3 72.7 228.8 44.5\"\/>\n<\/svg><\/span>\n    <\/a><\/p> \n                <\/div>\n\n                                <div class=\"col-s2e6 pos-1 pos-sm-2\">\n\n                    \n\n<div class=\"fs-media fs-media-ratio-1-1 rounded-corners do-anim\">\n    <div class=\"fs-media-item\">\n        <div class=\"fs-media-item-inner\">\n            <img class=\"fs-image\" src=\"https:\/\/hyracing.com\/wp-content\/uploads\/2024\/09\/2024-03-14-D810-064-1024x683.webp\" srcset=\"https:\/\/hyracing.com\/wp-content\/uploads\/2024\/09\/2024-03-14-D810-064-1024x683.webp 1024w, https:\/\/hyracing.com\/wp-content\/uploads\/2024\/09\/2024-03-14-D810-064-768x512.webp 768w, https:\/\/hyracing.com\/wp-content\/uploads\/2024\/09\/2024-03-14-D810-064-512x342.webp 512w\"  width=\"1024\" height=\"683\" alt=\"2024-03-14 D810 064\" decoding=\"async\" loading=\"lazy\" >        <\/div>\n    <\/div>\n<\/div>\n\n \n                    \n<div class=\"fs-text-bg width-auto position-top align-left\">\n    <div class=\"fs-text-bg-el\">\n        <div class=\"fs-text-bg-el-text char-lettering do-anim translation-block\">RENNSPORT <br>WIE EIN PROFI  <br>ERLEBEN<\/div>    <\/div>\n<\/div>\n                <\/div>\n                                \n            <\/div>\n\n        <\/div>\n\n    <\/div>\n\n    \n    \n    \n<\/section>\n\n\n\n\n\n\n\n\n\n<section class=\"text-media-section section color-secondary\">\n\n    <div class=\"section-inner\">\n\n        <div class=\"wrapper\">\n\n            <div class=\"grid-row justify-center\">\n\n                <div class=\"col-s2e6 pos-sm-1 do-anim\">                    \n                    \n    <span class=\"h6 superline align-left\">\n                    DIE RENNSTRECKE            <\/span>\n\n    <h2 class=\"h5 align-left\">\n                    Die sch\u00f6nste <br \/>\r\nRennstrecke in Europa!            <\/h2>\n<p>Die Rennstrecke mit den meisten Sonnenstunden.<br \/>\nTolle Licht- und Wetterbedingungen das ganze Jahr \u00fcber!<br \/>\nWundersch\u00f6ne Landschaften und fantastische Sonnenunterg\u00e4nge.<br \/>\nIn der N\u00e4he verschiedener Flugh\u00e4fen gelegen.<\/p>\n<p class=\"p-btn align-left\">\n<a class=\"btn  btn-normal\" href=\"https:\/\/andaluciacircuit.com\" target=\"\" >\n        <span class=\"btn-icon on-hover\"><?xml version=\"1.0\" encoding=\"UTF-8\"?>\n<svg xmlns=\"http:\/\/www.w3.org\/2000\/svg\" version=\"1.1\" viewbox=\"0 0 231.8 89.5\" fill=\"currentColor\" >\n  <polygon points=\"228.8 44.5 200.3 16 200.3 41.6 3 41.6 3 48 200.3 48 200.3 72.7 228.8 44.5\"\/>\n<\/svg><\/span>\n        <span class=\"btn-text\">\n        <span>Andalusien Circuit<\/span>\n    <\/span>\n        <span class=\"btn-icon\"><?xml version=\"1.0\" encoding=\"UTF-8\"?>\n<svg xmlns=\"http:\/\/www.w3.org\/2000\/svg\" version=\"1.1\" viewbox=\"0 0 231.8 89.5\" fill=\"currentColor\" >\n  <polygon points=\"228.8 44.5 200.3 16 200.3 41.6 3 41.6 3 48 200.3 48 200.3 72.7 228.8 44.5\"\/>\n<\/svg><\/span>\n    <\/a><\/p> \n                <\/div>\n\n                                <div class=\"col-s7e11 pos-sm-2\">\n\n                    \n\n<div class=\"fs-media fs-media-ratio-1-1 rounded-corners do-anim\">\n    <div class=\"fs-media-item\">\n        <div class=\"fs-media-item-inner\">\n            <img class=\"fs-image\" src=\"https:\/\/hyracing.com\/wp-content\/uploads\/2024\/09\/DSC9792-1024x684.webp\" srcset=\"https:\/\/hyracing.com\/wp-content\/uploads\/2024\/09\/DSC9792-1024x684.webp 1024w, https:\/\/hyracing.com\/wp-content\/uploads\/2024\/09\/DSC9792-768x513.webp 768w, https:\/\/hyracing.com\/wp-content\/uploads\/2024\/09\/DSC9792-512x342.webp 512w\"  width=\"1024\" height=\"684\" alt=\"_DSC9792\" decoding=\"async\" loading=\"lazy\" >        <\/div>\n    <\/div>\n<\/div>\n\n \n                                    <\/div>\n                                \n            <\/div>\n\n        <\/div>\n\n    <\/div>\n\n    \n    \n    \n<div class=\"fs-bg-flag fs-bg-flag-bottom-left\">    \n    <img src=\"https:\/\/hyracing.com\/wp-content\/themes\/fstheme\/assets\/img\/flag.png\" decoding=\"async\" loading=\"lazy\">\n<\/div>\n\n<\/section>","protected":false},"excerpt":{"rendered":"","protected":false},"author":1,"featured_media":0,"parent":0,"menu_order":0,"comment_status":"closed","ping_status":"closed","template":"","meta":{"footnotes":""},"class_list":["post-468","page","type-page","status-publish","hentry"],"acf":[],"_links":{"self":[{"href":"https:\/\/hyracing.com\/de\/wp-json\/wp\/v2\/pages\/468","targetHints":{"allow":["GET"]}}],"collection":[{"href":"https:\/\/hyracing.com\/de\/wp-json\/wp\/v2\/pages"}],"about":[{"href":"https:\/\/hyracing.com\/de\/wp-json\/wp\/v2\/types\/page"}],"author":[{"embeddable":true,"href":"https:\/\/hyracing.com\/de\/wp-json\/wp\/v2\/users\/1"}],"replies":[{"embeddable":true,"href":"https:\/\/hyracing.com\/de\/wp-json\/wp\/v2\/comments?post=468"}],"version-history":[{"count":35,"href":"https:\/\/hyracing.com\/de\/wp-json\/wp\/v2\/pages\/468\/revisions"}],"predecessor-version":[{"id":924,"href":"https:\/\/hyracing.com\/de\/wp-json\/wp\/v2\/pages\/468\/revisions\/924"}],"wp:attachment":[{"href":"https:\/\/hyracing.com\/de\/wp-json\/wp\/v2\/media?parent=468"}],"curies":[{"name":"wp","href":"https:\/\/api.w.org\/{rel}","templated":true}]}}